{"id":15,"date":"2023-04-21T00:33:51","date_gmt":"2023-04-21T05:33:51","guid":{"rendered":"https:\/\/iexcol.com\/main\/?page_id=15"},"modified":"2023-04-20T19:49:43","modified_gmt":"2023-04-21T00:49:43","slug":"linea-insumos-industriales","status":"publish","type":"page","link":"https:\/\/iexcol.com\/main\/portafolio\/linea-insumos-industriales\/","title":{"rendered":"Linea Insumos Industriales"},"content":{"rendered":"\n<p>Aqu\u00ed se agrupan las dem\u00e1s l\u00edneas de productos<\/p>\n","protected":false},"excerpt":{"rendered":"<p>Aqu\u00ed se agrupan las dem\u00e1s l\u00edneas de productos<\/p>\n<p class=\"continue-reading-button\"> <a class=\"continue-reading-link\" href=\"https:\/\/iexcol.com\/main\/portafolio\/linea-insumos-industriales\/\">Continue reading<i class=\"crycon-right-dir\"><\/i><\/a><\/p>\n","protected":false},"author":1,"featured_media":0,"parent":9,"menu_order":0,"comment_status":"closed","ping_status":"closed","template":"","meta":{"footnotes":""},"class_list":["post-15","page","type-page","status-publish","hentry"],"_links":{"self":[{"href":"https:\/\/iexcol.com\/main\/wp-json\/wp\/v2\/pages\/15","targetHints":{"allow":["GET"]}}],"collection":[{"href":"https:\/\/iexcol.com\/main\/wp-json\/wp\/v2\/pages"}],"about":[{"href":"https:\/\/iexcol.com\/main\/wp-json\/wp\/v2\/types\/page"}],"author":[{"embeddable":true,"href":"https:\/\/iexcol.com\/main\/wp-json\/wp\/v2\/users\/1"}],"replies":[{"embeddable":true,"href":"https:\/\/iexcol.com\/main\/wp-json\/wp\/v2\/comments?post=15"}],"version-history":[{"count":1,"href":"https:\/\/iexcol.com\/main\/wp-json\/wp\/v2\/pages\/15\/revisions"}],"predecessor-version":[{"id":16,"href":"https:\/\/iexcol.com\/main\/wp-json\/wp\/v2\/pages\/15\/revisions\/16"}],"up":[{"embeddable":true,"href":"https:\/\/iexcol.com\/main\/wp-json\/wp\/v2\/pages\/9"}],"wp:attachment":[{"href":"https:\/\/iexcol.com\/main\/wp-json\/wp\/v2\/media?parent=15"}],"curies":[{"name":"wp","href":"https:\/\/api.w.org\/{rel}","templated":true}]}}